{"id":3116,"date":"2023-01-27T12:28:15","date_gmt":"2023-01-27T11:28:15","guid":{"rendered":"http:\/\/stephankofler.com\/wordpress\/prestazioni\/costruzioni-a-secco\/"},"modified":"2024-03-22T09:53:35","modified_gmt":"2024-03-22T08:53:35","slug":"costruzioni-a-secco","status":"publish","type":"page","link":"https:\/\/stephankofler.com\/it\/prestazioni\/costruzioni-a-secco\/","title":{"rendered":"COSTRUZIONI A SECCO"},"content":{"rendered":"[vc_row type=&#8221;full_width_background&#8221; full_screen_row_position=&#8221;middle&#8221; column_margin=&#8221;default&#8221; column_direction=&#8221;default&#8221; column_direction_tablet=&#8221;default&#8221; column_direction_phone=&#8221;default&#8221; scene_position=&#8221;center&#8221; top_padding=&#8221;6%&#8221; bottom_padding=&#8221;3%&#8221; text_color=&#8221;dark&#8221; text_align=&#8221;left&#8221; row_border_radius=&#8221;none&#8221; row_border_radius_applies=&#8221;bg&#8221; zindex=&#8221;100&#8243; overflow=&#8221;visible&#8221; id=&#8221;beliefs&#8221; overlay_strength=&#8221;0.3&#8243; gradient_direction=&#8221;left_to_right&#8221; shape_divider_position=&#8221;bottom&#8221; bg_image_animation=&#8221;none&#8221; shape_type=&#8221;&#8221; gradient_type=&#8221;default&#8221;][vc_column column_padding=&#8221;no-extra-padding&#8221; column_padding_tablet=&#8221;inherit&#8221; column_padding_phone=&#8221;inherit&#8221; column_padding_position=&#8221;all&#8221; column_element_direction_desktop=&#8221;default&#8221; column_element_spacing=&#8221;default&#8221; desktop_text_alignment=&#8221;default&#8221; tablet_text_alignment=&#8221;default&#8221; phone_text_alignment=&#8221;default&#8221; background_color_opacity=&#8221;1&#8243; background_hover_color_opacity=&#8221;1&#8243; column_backdrop_filter=&#8221;none&#8221; column_shadow=&#8221;none&#8221; column_border_radius=&#8221;none&#8221; column_link_target=&#8221;_self&#8221; column_position=&#8221;default&#8221; gradient_direction=&#8221;left_to_right&#8221; overlay_strength=&#8221;0.3&#8243; width=&#8221;1\/1&#8243; tablet_width_inherit=&#8221;default&#8221; animation_type=&#8221;default&#8221; bg_image_animation=&#8221;none&#8221; border_type=&#8221;simple&#8221; column_border_width=&#8221;none&#8221; column_border_style=&#8221;solid&#8221; column_padding_type=&#8221;default&#8221; gradient_type=&#8221;default&#8221;][vc_row_inner column_margin=&#8221;90px&#8221; column_direction=&#8221;default&#8221; column_direction_tablet=&#8221;default&#8221; column_direction_phone=&#8221;default&#8221; text_align=&#8221;left&#8221; row_position=&#8221;default&#8221; row_position_tablet=&#8221;inherit&#8221; row_position_phone=&#8221;inherit&#8221; overflow=&#8221;visible&#8221; pointer_events=&#8221;all&#8221;][vc_column_inner column_padding=&#8221;padding-2-percent&#8221; column_padding_tablet=&#8221;inherit&#8221; column_padding_phone=&#8221;inherit&#8221; column_padding_position=&#8221;right&#8221; column_element_direction_desktop=&#8221;default&#8221; column_element_spacing=&#8221;default&#8221; desktop_text_alignment=&#8221;default&#8221; tablet_text_alignment=&#8221;default&#8221; phone_text_alignment=&#8221;default&#8221; background_color_opacity=&#8221;1&#8243; background_hover_color_opacity=&#8221;1&#8243; column_backdrop_filter=&#8221;none&#8221; column_shadow=&#8221;none&#8221; column_border_radius=&#8221;none&#8221; column_link_target=&#8221;_self&#8221; overflow=&#8221;visible&#8221; gradient_direction=&#8221;left_to_right&#8221; overlay_strength=&#8221;0.3&#8243; width=&#8221;3\/4&#8243; tablet_width_inherit=&#8221;default&#8221; animation_type=&#8221;default&#8221; bg_image_animation=&#8221;none&#8221; border_type=&#8221;simple&#8221; column_border_width=&#8221;none&#8221; column_border_style=&#8221;solid&#8221;][nectar_highlighted_text color_type=&#8221;regular&#8221; highlight_color=&#8221;#484847&#8243; text_color=&#8221;#333333&#8243; style=&#8221;regular_underline&#8221; highlight_expansion=&#8221;default&#8221; underline_thickness=&#8221;3px&#8221;]\r\n<h1><em>COSTRUZIONI A SECCO<\/em><\/h1>\r\n[\/nectar_highlighted_text][vc_gutenberg]<div class=\"wp-block-ub-expand ub-expand\" id=\"ub-expand-c02ac9a9-df77-4db7-892a-4478f0a938d7\" data-scroll-type=\"false\" data-scroll-amount=\"\" data-scroll-target=\"\"><br><div class=\"ub-expand-portion ub-expand-partial wp-block-ub-expand-portion\" id=\"ub-expand-partial-c02ac9a9-df77-4db7-892a-4478f0a938d7\" aria-hidden=\"false\">\n\t\t\t<br>\r\n<p>Le costruzioni a secco, che offrono numerosi vantaggi, tra cui flessibilit\u00e0, tempi di realizzazione brevi e un miglior isolamento, sono un modo rapido e semplice per creare pareti divisorie, soffitti e altri ambienti all\u2019interno di un edificio.<\/p>\r\n<p><br>\n\t\t\t<a id=\"ub-expand-toggle-partial-c02ac9a9-df77-4db7-892a-4478f0a938d7\" class=\"ub-expand-toggle-button\" style=\"text-align: left; \" role=\"button\" aria-expanded=\"false\" aria-controls=\"ub-expand-full-c02ac9a9-df77-4db7-892a-4478f0a938d7\" tabindex=\"0\">\n\t\t\t\t<strong>leggi di pi\u00f9<\/strong>\n\t\t\t<\/a>\n\t\t<\/p><\/div>\r\n<p><\/p><div class=\"ub-expand-portion ub-expand-full ub-hide wp-block-ub-expand-portion\" id=\"ub-expand-full-c02ac9a9-df77-4db7-892a-4478f0a938d7\" aria-hidden=\"true\">\n\t\t\t<br>\r\n<p>Inoltre, in caso di necessit\u00e0, \u00e8 possibile integrare cavi di alimentazione e di installazione, cos\u00ec come sistemi di protezione acustica, termica ed antincendio direttamente nelle pareti. La nostra lunga esperienza e le conoscenze approfondite nell\u2019ambito delle costruzioni a secco, ci consentono di offrire ai nostri clienti tanti servizi, con i quali assecondiamo tutti i loro desideri, garantendo un\u2019esecuzione dei lavori all\u2019altezza delle loro aspettative. Per giunta, questo tipo di lavoro ci permette di combinare lavori di imbiancatura e costruzioni a secco senza soluzione di continuit\u00e0.<\/p>\r\n<p><br>\n\t\t\t<a id=\"ub-expand-toggle-full-c02ac9a9-df77-4db7-892a-4478f0a938d7\" class=\"ub-expand-toggle-button\" style=\"text-align: left; \" role=\"button\" aria-expanded=\"true\" aria-controls=\"ub-expand-full-c02ac9a9-df77-4db7-892a-4478f0a938d7\" tabindex=\"0\">\n\t\t\t\t<strong>leggi di meno<\/strong>\n\t\t\t<\/a>\n\t\t<\/p><\/div><br><\/div>[\/vc_gutenberg][vc_gutenberg]<div class=\"wp-block-ub-expand ub-expand\" id=\"ub-expand-2fbf3354-e3b1-4311-aa4f-e1d319ee5f76\" data-scroll-type=\"false\" data-scroll-amount=\"\" data-scroll-target=\"\"><br><div class=\"ub-expand-portion ub-expand-partial wp-block-ub-expand-portion\" id=\"ub-expand-partial-84fef3f6-6de7-4753-a5a6-e41e0f834933\" aria-hidden=\"false\">\n\t\t\t<br>\r\n<p>I controsoffitti a pannelli sono una soluzione molto amata e diffusa in locali adibiti ad ufficio, in quanto rappresentano un\u2019opzione semplice, ma dal notevole impatto visivo. Si tratta di pannelli rettangolari allineati con uno schema a griglia di facile rimozione, grazie a cui i lavori di manutenzione, la sostituzione di luci o l\u2019installazione di canaline per impianti di climatizzazione risulta assai pi\u00f9 agevole.<\/p>\r\n<p><br>\n\t\t\t<a id=\"ub-expand-toggle-partial-84fef3f6-6de7-4753-a5a6-e41e0f834933\" class=\"ub-expand-toggle-button\" style=\"text-align: left; \" role=\"button\" aria-expanded=\"false\" aria-controls=\"ub-expand-full-84fef3f6-6de7-4753-a5a6-e41e0f834933\" tabindex=\"0\">\n\t\t\t\t<strong>leggi di pi\u00f9<\/strong>\n\t\t\t<\/a>\n\t\t<\/p><\/div>\r\n<p><\/p><div class=\"ub-expand-portion ub-expand-full ub-hide wp-block-ub-expand-portion\" id=\"ub-expand-full-84fef3f6-6de7-4753-a5a6-e41e0f834933\" aria-hidden=\"true\">\n\t\t\t<br>\r\n<p>I controsoffitti a pannelli sono disponibili in diversi materiali, per esempio metallo o cartongesso, e in tantissimi stili, colori e motivi diversi. Infine, \u00e8 importante ricordare che contribuiscono a ridurre il rumore e a migliorare l\u2019acustica all\u2019interno della stanza.<\/p>\r\n<p><br>\n\t\t\t<a id=\"ub-expand-toggle-full-84fef3f6-6de7-4753-a5a6-e41e0f834933\" class=\"ub-expand-toggle-button\" style=\"text-align: left; \" role=\"button\" aria-expanded=\"true\" aria-controls=\"ub-expand-full-84fef3f6-6de7-4753-a5a6-e41e0f834933\" tabindex=\"0\">\n\t\t\t\t<strong>leggi di meno<\/strong>\n\t\t\t<\/a>\n\t\t<\/p><\/div><br><\/div>[\/vc_gutenberg][\/vc_column_inner][vc_column_inner column_padding=&#8221;no-extra-padding&#8221; column_padding_tablet=&#8221;inherit&#8221; column_padding_phone=&#8221;inherit&#8221; column_padding_position=&#8221;all&#8221; column_element_direction_desktop=&#8221;default&#8221; column_element_spacing=&#8221;default&#8221; desktop_text_alignment=&#8221;right&#8221; tablet_text_alignment=&#8221;default&#8221; phone_text_alignment=&#8221;default&#8221; background_color_opacity=&#8221;1&#8243; background_hover_color_opacity=&#8221;1&#8243; column_backdrop_filter=&#8221;none&#8221; column_shadow=&#8221;none&#8221; column_border_radius=&#8221;none&#8221; column_link_target=&#8221;_self&#8221; overflow=&#8221;visible&#8221; gradient_direction=&#8221;left_to_right&#8221; overlay_strength=&#8221;0.3&#8243; width=&#8221;1\/4&#8243; tablet_width_inherit=&#8221;default&#8221; animation_type=&#8221;default&#8221; bg_image_animation=&#8221;none&#8221; border_type=&#8221;simple&#8221; column_border_width=&#8221;none&#8221; column_border_style=&#8221;solid&#8221; column_padding_type=&#8221;default&#8221; gradient_type=&#8221;default&#8221;][nectar_icon icon_family=&#8221;fontawesome&#8221; icon_style=&#8221;default&#8221; icon_color_type=&#8221;color_scheme&#8221; icon_color=&#8221;Accent-Color&#8221; icon_padding=&#8221;0px&#8221; pointer_events=&#8221;all&#8221; url=&#8221;https:\/\/stephankofler.com\/it\/prestazioni\/imbiancatura\/&#8221; icon_fontawesome=&#8221;fa fa-angle-left&#8221;][nectar_icon icon_family=&#8221;fontawesome&#8221; icon_style=&#8221;default&#8221; icon_color_type=&#8221;color_scheme&#8221; icon_color=&#8221;Accent-Color&#8221; icon_padding=&#8221;0px&#8221; pointer_events=&#8221;all&#8221; url=&#8221;https:\/\/stephankofler.com\/it\/prestazioni\/facciate\/&#8221; icon_fontawesome=&#8221;fa fa-angle-right&#8221;][\/vc_column_inner][\/vc_row_inner][\/vc_column][\/vc_row][vc_row type=&#8221;in_container&#8221; full_screen_row_position=&#8221;middle&#8221; column_margin=&#8221;default&#8221; column_direction=&#8221;default&#8221; column_direction_tablet=&#8221;default&#8221; column_direction_phone=&#8221;default&#8221; scene_position=&#8221;center&#8221; top_padding=&#8221;2%&#8221; bottom_padding=&#8221;1%&#8221; text_color=&#8221;dark&#8221; text_align=&#8221;left&#8221; row_border_radius=&#8221;none&#8221; row_border_radius_applies=&#8221;bg&#8221; overflow=&#8221;visible&#8221; overlay_strength=&#8221;0.3&#8243; gradient_direction=&#8221;left_to_right&#8221; shape_divider_position=&#8221;bottom&#8221; bg_image_animation=&#8221;none&#8221; shape_type=&#8221;&#8221; gradient_type=&#8221;default&#8221;][vc_column column_padding=&#8221;no-extra-padding&#8221; column_padding_tablet=&#8221;inherit&#8221; column_padding_phone=&#8221;inherit&#8221; column_padding_position=&#8221;all&#8221; column_element_direction_desktop=&#8221;default&#8221; column_element_spacing=&#8221;default&#8221; desktop_text_alignment=&#8221;default&#8221; tablet_text_alignment=&#8221;default&#8221; phone_text_alignment=&#8221;default&#8221; background_color_opacity=&#8221;1&#8243; background_hover_color_opacity=&#8221;1&#8243; column_backdrop_filter=&#8221;none&#8221; column_shadow=&#8221;none&#8221; column_border_radius=&#8221;none&#8221; column_link_target=&#8221;_self&#8221; column_position=&#8221;default&#8221; gradient_direction=&#8221;left_to_right&#8221; overlay_strength=&#8221;0.3&#8243; width=&#8221;1\/1&#8243; tablet_width_inherit=&#8221;default&#8221; animation_type=&#8221;default&#8221; bg_image_animation=&#8221;none&#8221; border_type=&#8221;simple&#8221; column_border_width=&#8221;none&#8221; column_border_style=&#8221;solid&#8221; column_padding_type=&#8221;default&#8221; gradient_type=&#8221;default&#8221;][vc_gallery type=&#8221;image_grid&#8221; images=&#8221;1265,871,870,1266,875,872,1978,1980,1979&#8243; image_grid_loading=&#8221;default&#8221; layout=&#8221;3&#8243; item_spacing=&#8221;6px&#8221; gallery_style=&#8221;5&#8243; load_in_animation=&#8221;none&#8221; img_size=&#8221;600&#215;600&#8243;][\/vc_column][\/vc_row][vc_row type=&#8221;in_container&#8221; full_screen_row_position=&#8221;middle&#8221; column_margin=&#8221;default&#8221; column_direction=&#8221;default&#8221; column_direction_tablet=&#8221;default&#8221; column_direction_phone=&#8221;default&#8221; scene_position=&#8221;center&#8221; text_color=&#8221;dark&#8221; text_align=&#8221;left&#8221; row_border_radius=&#8221;none&#8221; row_border_radius_applies=&#8221;bg&#8221; overflow=&#8221;visible&#8221; overlay_strength=&#8221;0.3&#8243; gradient_direction=&#8221;left_to_right&#8221; shape_divider_position=&#8221;bottom&#8221; bg_image_animation=&#8221;none&#8221; shape_type=&#8221;&#8221; gradient_type=&#8221;default&#8221;][vc_column column_padding=&#8221;no-extra-padding&#8221; column_padding_tablet=&#8221;inherit&#8221; column_padding_phone=&#8221;inherit&#8221; column_padding_position=&#8221;all&#8221; column_element_direction_desktop=&#8221;default&#8221; column_element_spacing=&#8221;default&#8221; desktop_text_alignment=&#8221;default&#8221; tablet_text_alignment=&#8221;default&#8221; phone_text_alignment=&#8221;default&#8221; background_color_opacity=&#8221;1&#8243; background_hover_color_opacity=&#8221;1&#8243; column_backdrop_filter=&#8221;none&#8221; column_shadow=&#8221;none&#8221; column_border_radius=&#8221;none&#8221; column_link_target=&#8221;_self&#8221; column_position=&#8221;default&#8221; gradient_direction=&#8221;left_to_right&#8221; overlay_strength=&#8221;0.3&#8243; width=&#8221;1\/1&#8243; tablet_width_inherit=&#8221;default&#8221; animation_type=&#8221;default&#8221; bg_image_animation=&#8221;none&#8221; border_type=&#8221;simple&#8221; column_border_width=&#8221;none&#8221; column_border_style=&#8221;solid&#8221; column_padding_type=&#8221;default&#8221; gradient_type=&#8221;default&#8221;][nectar_global_section id=&#8221;3211&#8243;][\/vc_column][\/vc_row][vc_row type=&#8221;full_width_content&#8221; full_screen_row_position=&#8221;middle&#8221; column_margin=&#8221;default&#8221; column_direction=&#8221;default&#8221; column_direction_tablet=&#8221;default&#8221; column_direction_phone=&#8221;default&#8221; scene_position=&#8221;center&#8221; top_padding=&#8221;2%&#8221; text_color=&#8221;dark&#8221; text_align=&#8221;left&#8221; row_border_radius=&#8221;none&#8221; row_border_radius_applies=&#8221;bg&#8221; overflow=&#8221;visible&#8221; overlay_strength=&#8221;0.3&#8243; gradient_direction=&#8221;left_to_right&#8221; shape_divider_position=&#8221;bottom&#8221; bg_image_animation=&#8221;none&#8221; shape_type=&#8221;&#8221; gradient_type=&#8221;default&#8221;][vc_column column_padding=&#8221;no-extra-padding&#8221; column_padding_tablet=&#8221;inherit&#8221; column_padding_phone=&#8221;inherit&#8221; column_padding_position=&#8221;all&#8221; column_element_direction_desktop=&#8221;default&#8221; column_element_spacing=&#8221;default&#8221; desktop_text_alignment=&#8221;default&#8221; tablet_text_alignment=&#8221;default&#8221; phone_text_alignment=&#8221;default&#8221; background_color_opacity=&#8221;1&#8243; background_hover_color_opacity=&#8221;1&#8243; column_backdrop_filter=&#8221;none&#8221; column_shadow=&#8221;none&#8221; column_border_radius=&#8221;none&#8221; column_link_target=&#8221;_self&#8221; column_position=&#8221;default&#8221; gradient_direction=&#8221;left_to_right&#8221; overlay_strength=&#8221;0.3&#8243; width=&#8221;1\/1&#8243; tablet_width_inherit=&#8221;default&#8221; animation_type=&#8221;default&#8221; bg_image_animation=&#8221;none&#8221; border_type=&#8221;simple&#8221; column_border_width=&#8221;none&#8221; column_border_style=&#8221;solid&#8221; column_padding_type=&#8221;default&#8221; gradient_type=&#8221;default&#8221;][nectar_global_section id=&#8221;3216&#8243;][\/vc_column][\/vc_row]","protected":false},"excerpt":{"rendered":"<p>[vc_row type=&#8221;full_width_background&#8221; full_screen_row_position=&#8221;middle&#8221; column_margin=&#8221;default&#8221; column_direction=&#8221;default&#8221; column_direction_tablet=&#8221;default&#8221; column_direction_phone=&#8221;default&#8221; scene_position=&#8221;center&#8221; top_padding=&#8221;6%&#8221; bottom_padding=&#8221;3%&#8221; text_color=&#8221;dark&#8221; text_align=&#8221;left&#8221; row_border_radius=&#8221;none&#8221; row_border_radius_applies=&#8221;bg&#8221; zindex=&#8221;100&#8243; overflow=&#8221;visible&#8221; id=&#8221;beliefs&#8221; overlay_strength=&#8221;0.3&#8243; gradient_direction=&#8221;left_to_right&#8221; shape_divider_position=&#8221;bottom&#8221; bg_image_animation=&#8221;none&#8221; shape_type=&#8221;&#8221; gradient_type=&#8221;default&#8221;][vc_column column_padding=&#8221;no-extra-padding&#8221; column_padding_tablet=&#8221;inherit&#8221; column_padding_phone=&#8221;inherit&#8221; column_padding_position=&#8221;all&#8221; column_element_direction_desktop=&#8221;default&#8221; column_element_spacing=&#8221;default&#8221; desktop_text_alignment=&#8221;default&#8221;&#8230;<\/p>\n","protected":false},"author":2,"featured_media":0,"parent":3108,"menu_order":2,"comment_status":"closed","ping_status":"closed","template":"","meta":{"footnotes":""},"class_list":["post-3116","page","type-page","status-publish"],"featured_image_src":null,"yoast_head":"<!-- This site is optimized with the Yoast SEO plugin v27.1.1 - https:\/\/yoast.com\/product\/yoast-seo-wordpress\/ -->\n<title>KOFLER STEPHAN - Costruzioni a secco<\/title>\n<meta name=\"description\" content=\"Il cartongesso \u00e8 un modo rapido e semplice per decorare pareti, soffitti e altre aree all&#039;interno di un edificio.\" \/>\n<meta name=\"robots\" content=\"index, follow, max-snippet:-1, max-image-preview:large, max-video-preview:-1\" \/>\n<link rel=\"canonical\" href=\"https:\/\/stephankofler.com\/it\/prestazioni\/costruzioni-a-secco\/\" \/>\n<meta property=\"og:locale\" content=\"it_IT\" \/>\n<meta property=\"og:type\" content=\"article\" \/>\n<meta property=\"og:title\" content=\"KOFLER STEPHAN - Costruzioni a secco\" \/>\n<meta property=\"og:description\" content=\"Il cartongesso \u00e8 un modo rapido e semplice per decorare pareti, soffitti e altre aree all&#039;interno di un edificio.\" \/>\n<meta property=\"og:url\" content=\"https:\/\/stephankofler.com\/it\/prestazioni\/costruzioni-a-secco\/\" \/>\n<meta property=\"og:site_name\" content=\"KOFLER STEPHAN\" \/>\n<meta property=\"article:modified_time\" content=\"2024-03-22T08:53:35+00:00\" \/>\n<meta property=\"og:image\" content=\"https:\/\/stephankofler.com\/wordpress\/wp-content\/uploads\/2024\/01\/Logo-Kofler-Stephan-Co-2x.png\" \/>\n\t<meta property=\"og:image:width\" content=\"800\" \/>\n\t<meta property=\"og:image:height\" content=\"301\" \/>\n\t<meta property=\"og:image:type\" content=\"image\/png\" \/>\n<meta name=\"twitter:card\" content=\"summary_large_image\" \/>\n<meta name=\"twitter:label1\" content=\"Tempo di lettura stimato\" \/>\n\t<meta name=\"twitter:data1\" content=\"5 minuti\" \/>\n<script type=\"application\/ld+json\" class=\"yoast-schema-graph\">{\"@context\":\"https:\/\/schema.org\",\"@graph\":[{\"@type\":\"WebPage\",\"@id\":\"https:\/\/stephankofler.com\/it\/prestazioni\/costruzioni-a-secco\/\",\"url\":\"https:\/\/stephankofler.com\/it\/prestazioni\/costruzioni-a-secco\/\",\"name\":\"KOFLER STEPHAN - Costruzioni a secco\",\"isPartOf\":{\"@id\":\"https:\/\/stephankofler.com\/#website\"},\"datePublished\":\"2023-01-27T11:28:15+00:00\",\"dateModified\":\"2024-03-22T08:53:35+00:00\",\"description\":\"Il cartongesso \u00e8 un modo rapido e semplice per decorare pareti, soffitti e altre aree all'interno di un edificio.\",\"breadcrumb\":{\"@id\":\"https:\/\/stephankofler.com\/it\/prestazioni\/costruzioni-a-secco\/#breadcrumb\"},\"inLanguage\":\"it-IT\",\"potentialAction\":[{\"@type\":\"ReadAction\",\"target\":[\"https:\/\/stephankofler.com\/it\/prestazioni\/costruzioni-a-secco\/\"]}]},{\"@type\":\"BreadcrumbList\",\"@id\":\"https:\/\/stephankofler.com\/it\/prestazioni\/costruzioni-a-secco\/#breadcrumb\",\"itemListElement\":[{\"@type\":\"ListItem\",\"position\":1,\"name\":\"Startseite\",\"item\":\"https:\/\/stephankofler.com\/it\/\"},{\"@type\":\"ListItem\",\"position\":2,\"name\":\"PRESTAZIONI\",\"item\":\"https:\/\/stephankofler.com\/it\/prestazioni\/\"},{\"@type\":\"ListItem\",\"position\":3,\"name\":\"COSTRUZIONI A SECCO\"}]},{\"@type\":\"WebSite\",\"@id\":\"https:\/\/stephankofler.com\/#website\",\"url\":\"https:\/\/stephankofler.com\/\",\"name\":\"KOFLER STEPHAN\",\"description\":\"MALERBETRIEB, TROCKENBAU, FASSADEN, D\u00c4MMUNGEN, TAPEZIEREN, DEKOR, PUTZ, FUGENLOS, LACKIERARBEITEN, AKUSTIKSYTEME, BESCHRIFTUNGEN\",\"publisher\":{\"@id\":\"https:\/\/stephankofler.com\/#organization\"},\"potentialAction\":[{\"@type\":\"SearchAction\",\"target\":{\"@type\":\"EntryPoint\",\"urlTemplate\":\"https:\/\/stephankofler.com\/?s={search_term_string}\"},\"query-input\":{\"@type\":\"PropertyValueSpecification\",\"valueRequired\":true,\"valueName\":\"search_term_string\"}}],\"inLanguage\":\"it-IT\"},{\"@type\":\"Organization\",\"@id\":\"https:\/\/stephankofler.com\/#organization\",\"name\":\"KOFLER STEPHAN\",\"url\":\"https:\/\/stephankofler.com\/\",\"logo\":{\"@type\":\"ImageObject\",\"inLanguage\":\"it-IT\",\"@id\":\"https:\/\/stephankofler.com\/#\/schema\/logo\/image\/\",\"url\":\"https:\/\/stephankofler.com\/wordpress\/wp-content\/uploads\/2024\/01\/Logo-Kofler-Stephan-Co-2x.png\",\"contentUrl\":\"https:\/\/stephankofler.com\/wordpress\/wp-content\/uploads\/2024\/01\/Logo-Kofler-Stephan-Co-2x.png\",\"width\":800,\"height\":301,\"caption\":\"KOFLER STEPHAN\"},\"image\":{\"@id\":\"https:\/\/stephankofler.com\/#\/schema\/logo\/image\/\"},\"sameAs\":[\"https:\/\/www.instagram.com\/koflermalerbetrieb\/?hl=de\"]}]}<\/script>\n<!-- \/ Yoast SEO plugin. -->","yoast_head_json":{"title":"KOFLER STEPHAN - Costruzioni a secco","description":"Il cartongesso \u00e8 un modo rapido e semplice per decorare pareti, soffitti e altre aree all'interno di un edificio.","robots":{"index":"index","follow":"follow","max-snippet":"max-snippet:-1","max-image-preview":"max-image-preview:large","max-video-preview":"max-video-preview:-1"},"canonical":"https:\/\/stephankofler.com\/it\/prestazioni\/costruzioni-a-secco\/","og_locale":"it_IT","og_type":"article","og_title":"KOFLER STEPHAN - Costruzioni a secco","og_description":"Il cartongesso \u00e8 un modo rapido e semplice per decorare pareti, soffitti e altre aree all'interno di un edificio.","og_url":"https:\/\/stephankofler.com\/it\/prestazioni\/costruzioni-a-secco\/","og_site_name":"KOFLER STEPHAN","article_modified_time":"2024-03-22T08:53:35+00:00","og_image":[{"width":800,"height":301,"url":"https:\/\/stephankofler.com\/wordpress\/wp-content\/uploads\/2024\/01\/Logo-Kofler-Stephan-Co-2x.png","type":"image\/png"}],"twitter_card":"summary_large_image","twitter_misc":{"Tempo di lettura stimato":"5 minuti"},"schema":{"@context":"https:\/\/schema.org","@graph":[{"@type":"WebPage","@id":"https:\/\/stephankofler.com\/it\/prestazioni\/costruzioni-a-secco\/","url":"https:\/\/stephankofler.com\/it\/prestazioni\/costruzioni-a-secco\/","name":"KOFLER STEPHAN - Costruzioni a secco","isPartOf":{"@id":"https:\/\/stephankofler.com\/#website"},"datePublished":"2023-01-27T11:28:15+00:00","dateModified":"2024-03-22T08:53:35+00:00","description":"Il cartongesso \u00e8 un modo rapido e semplice per decorare pareti, soffitti e altre aree all'interno di un edificio.","breadcrumb":{"@id":"https:\/\/stephankofler.com\/it\/prestazioni\/costruzioni-a-secco\/#breadcrumb"},"inLanguage":"it-IT","potentialAction":[{"@type":"ReadAction","target":["https:\/\/stephankofler.com\/it\/prestazioni\/costruzioni-a-secco\/"]}]},{"@type":"BreadcrumbList","@id":"https:\/\/stephankofler.com\/it\/prestazioni\/costruzioni-a-secco\/#breadcrumb","itemListElement":[{"@type":"ListItem","position":1,"name":"Startseite","item":"https:\/\/stephankofler.com\/it\/"},{"@type":"ListItem","position":2,"name":"PRESTAZIONI","item":"https:\/\/stephankofler.com\/it\/prestazioni\/"},{"@type":"ListItem","position":3,"name":"COSTRUZIONI A SECCO"}]},{"@type":"WebSite","@id":"https:\/\/stephankofler.com\/#website","url":"https:\/\/stephankofler.com\/","name":"KOFLER STEPHAN","description":"MALERBETRIEB, TROCKENBAU, FASSADEN, D\u00c4MMUNGEN, TAPEZIEREN, DEKOR, PUTZ, FUGENLOS, LACKIERARBEITEN, AKUSTIKSYTEME, BESCHRIFTUNGEN","publisher":{"@id":"https:\/\/stephankofler.com\/#organization"},"potentialAction":[{"@type":"SearchAction","target":{"@type":"EntryPoint","urlTemplate":"https:\/\/stephankofler.com\/?s={search_term_string}"},"query-input":{"@type":"PropertyValueSpecification","valueRequired":true,"valueName":"search_term_string"}}],"inLanguage":"it-IT"},{"@type":"Organization","@id":"https:\/\/stephankofler.com\/#organization","name":"KOFLER STEPHAN","url":"https:\/\/stephankofler.com\/","logo":{"@type":"ImageObject","inLanguage":"it-IT","@id":"https:\/\/stephankofler.com\/#\/schema\/logo\/image\/","url":"https:\/\/stephankofler.com\/wordpress\/wp-content\/uploads\/2024\/01\/Logo-Kofler-Stephan-Co-2x.png","contentUrl":"https:\/\/stephankofler.com\/wordpress\/wp-content\/uploads\/2024\/01\/Logo-Kofler-Stephan-Co-2x.png","width":800,"height":301,"caption":"KOFLER STEPHAN"},"image":{"@id":"https:\/\/stephankofler.com\/#\/schema\/logo\/image\/"},"sameAs":["https:\/\/www.instagram.com\/koflermalerbetrieb\/?hl=de"]}]}},"_links":{"self":[{"href":"https:\/\/stephankofler.com\/it\/wp-json\/wp\/v2\/pages\/3116","targetHints":{"allow":["GET"]}}],"collection":[{"href":"https:\/\/stephankofler.com\/it\/wp-json\/wp\/v2\/pages"}],"about":[{"href":"https:\/\/stephankofler.com\/it\/wp-json\/wp\/v2\/types\/page"}],"author":[{"embeddable":true,"href":"https:\/\/stephankofler.com\/it\/wp-json\/wp\/v2\/users\/2"}],"replies":[{"embeddable":true,"href":"https:\/\/stephankofler.com\/it\/wp-json\/wp\/v2\/comments?post=3116"}],"version-history":[{"count":1,"href":"https:\/\/stephankofler.com\/it\/wp-json\/wp\/v2\/pages\/3116\/revisions"}],"predecessor-version":[{"id":3405,"href":"https:\/\/stephankofler.com\/it\/wp-json\/wp\/v2\/pages\/3116\/revisions\/3405"}],"up":[{"embeddable":true,"href":"https:\/\/stephankofler.com\/it\/wp-json\/wp\/v2\/pages\/3108"}],"wp:attachment":[{"href":"https:\/\/stephankofler.com\/it\/wp-json\/wp\/v2\/media?parent=3116"}],"curies":[{"name":"wp","href":"https:\/\/api.w.org\/{rel}","templated":true}]}}